{"id":7702,"date":"2026-02-05T16:10:11","date_gmt":"2026-02-05T22:10:11","guid":{"rendered":"https:\/\/colegiosadec.org\/site\/?page_id=7702"},"modified":"2026-02-10T21:28:39","modified_gmt":"2026-02-11T03:28:39","slug":"clubes-olmos-ayarco","status":"publish","type":"page","link":"https:\/\/colegiosadec.org\/site\/clubes-olmos-ayarco\/","title":{"rendered":"Clubes Olmos Ayarco"},"content":{"rendered":"\t\t<div data-elementor-type=\"wp-page\" data-elementor-id=\"7702\" class=\"elementor elementor-7702\" data-elementor-post-type=\"page\">\n\t\t\t\t<div class=\"elementor-element elementor-element-67af4e1 e-flex e-con-boxed e-con e-parent\" data-id=\"67af4e1\" data-element_type=\"container\" data-e-type=\"container\">\n\t\t\t\t\t<div class=\"e-con-inner\">\n\t\t\t\t<div class=\"elementor-element elementor-element-6b59817 elementor-widget elementor-widget-heading\" data-id=\"6b59817\" data-element_type=\"widget\" data-e-type=\"widget\" data-widget_type=\"heading.default\">\n\t\t\t\t<div class=\"elementor-widget-container\">\n\t\t\t\t\t<h3 class=\"elementor-heading-title elementor-size-default\">CLUBES OLMOS AYARCO<\/h3>\t\t\t\t<\/div>\n\t\t\t\t<\/div>\n\t\t\t\t<div class=\"elementor-element elementor-element-4e9707a elementor-widget elementor-widget-text-editor\" data-id=\"4e9707a\" data-element_type=\"widget\" data-e-type=\"widget\" data-widget_type=\"text-editor.default\">\n\t\t\t\t<div class=\"elementor-widget-container\">\n\t\t\t\t\t\t\t\t\t<p>Nos complace informarles la oferta de clubes que impartiremos en el Preescolar a partir del pr\u00f3ximo lunes 9 de febrero.\u00a0 Resulta bastante beneficioso descubrir intereses y talentos en los ni\u00f1os, para cultivarlos y potenciar as\u00ed su desarrollo.\u00a0<\/p><p><strong><u>Detalles generales a considerar<\/u><\/strong><\/p><ul><li>La cantidad m\u00ednima para abrir un club es de 5 estudiantes.<\/li><li>Los clubes tambi\u00e9n tienen un m\u00e1ximo en cantidad de participantes, as\u00ed que se les anima a proceder con las inscripciones a tiempo.<\/li><li>Todos los clubes cuentan con el profesor a cargo y el apoyo de una teacher Olmos como asistente.<\/li><li>La duraci\u00f3n de cada club es de aproximadamente 50 minuto<\/li><li>En caso de que quisieran adquirir el uniforme del club de F\u00fatbol o de Minichef, se pueden encargar en Recepci\u00f3n, durante la semana del 9 de al 13 de febrero, se entregar\u00e1n aproximadamente un mes despu\u00e9s de solicitados.<\/li><li>Se requiere el compromiso de la asistencia formal una vez matriculados y les rogamos <strong>la mayor puntualidad a la hora de recoger a los ni\u00f1os.<\/strong><\/li><li><strong><u>Atenci\u00f3n<\/u><\/strong>: Por favor tomar en cuenta que los clubes se cobran de manera anticipada. En caso de que requieran darlos de baja en el mes en curso, se cobra de igual manera el 100% del club. La des inscripci\u00f3n de un club se debe realizar <u>m\u00e1ximo el d\u00eda 25 de cada<\/u> mes para que el rubro no se les facture en el mes siguiente.\u00a0 Es importante comunicar la salida tambi\u00e9n a do\u00f1a Yesenia Trigueros para que los retire de la lista y no proceder con el cobro, esto por correo (<a href=\"mailto:y.trigueros@losolmos.org\">trigueros@losolmos.org<\/a>).<\/li><\/ul>\t\t\t\t\t\t\t\t<\/div>\n\t\t\t\t<\/div>\n\t\t\t\t<div class=\"elementor-element elementor-element-1771eeb elementor-widget elementor-widget-html\" data-id=\"1771eeb\" data-element_type=\"widget\" data-e-type=\"widget\" data-widget_type=\"html.default\">\n\t\t\t\t<div class=\"elementor-widget-container\">\n\t\t\t\t\t<iframe src=\"https:\/\/www.cognitoforms.com\/f\/DJPPSP1ON0Ose5mrZUh0yA\/122\" allow=\"payment\" style=\"border:0;width:100%;\" height=\"805\"><\/iframe>\r\n<script src=\"https:\/\/www.cognitoforms.com\/f\/iframe.js\"><\/script>\t\t\t\t<\/div>\n\t\t\t\t<\/div>\n\t\t\t\t\t<\/div>\n\t\t\t\t<\/div>\n\t\t<div class=\"elementor-element elementor-element-8a2e6c0 e-flex e-con-boxed e-con e-parent\" data-id=\"8a2e6c0\" data-element_type=\"container\" data-e-type=\"container\">\n\t\t\t\t\t<div class=\"e-con-inner\">\n\t\t<div class=\"elementor-element elementor-element-af8b1f8 e-con-full e-flex e-con e-child\" data-id=\"af8b1f8\" data-element_type=\"container\" data-e-type=\"container\">\n\t\t\t\t<\/div>\n\t\t<div class=\"elementor-element elementor-element-6c291e3 e-con-full e-flex e-con e-child\" data-id=\"6c291e3\" data-element_type=\"container\" data-e-type=\"container\">\n\t\t\t\t<\/div>\n\t\t<div class=\"elementor-element elementor-element-8b2a782 e-con-full e-flex e-con e-child\" data-id=\"8b2a782\" data-element_type=\"container\" data-e-type=\"container\">\n\t\t\t\t<\/div>\n\t\t\t\t\t<\/div>\n\t\t\t\t<\/div>\n\t\t\t\t<\/div>\n\t\t","protected":false},"excerpt":{"rendered":"<p>CLUBES OLMOS AYARCO Nos complace informarles la oferta de clubes que impartiremos en el Preescolar a partir del pr\u00f3ximo lunes 9 de febrero.\u00a0 Resulta bastante beneficioso descubrir intereses y talentos en los ni\u00f1os, para cultivarlos y potenciar as\u00ed su desarrollo.\u00a0 Detalles generales a considerar La cantidad m\u00ednima para abrir un club es de 5 estudiantes. [&hellip;]<\/p>\n","protected":false},"author":1,"featured_media":0,"parent":0,"menu_order":0,"comment_status":"closed","ping_status":"closed","template":"","meta":{"_monsterinsights_skip_tracking":false,"_monsterinsights_sitenote_active":false,"_monsterinsights_sitenote_note":"","_monsterinsights_sitenote_category":0,"site-sidebar-layout":"no-sidebar","site-content-layout":"page-builder","ast-site-content-layout":"full-width-container","site-content-style":"default","site-sidebar-style":"default","ast-global-header-display":"","ast-banner-title-visibility":"","ast-main-header-display":"","ast-hfb-above-header-display":"","ast-hfb-below-header-display":"","ast-hfb-mobile-header-display":"","site-post-title":"","ast-breadcrumbs-content":"","ast-featured-img":"disabled","footer-sml-layout":"","ast-disable-related-posts":"","theme-transparent-header-meta":"","adv-header-id-meta":"","stick-header-meta":"","header-above-stick-meta":"","header-main-stick-meta":"","header-below-stick-meta":"","astra-migrate-meta-layouts":"set","ast-page-background-enabled":"default","ast-page-background-meta":{"desktop":{"background-color":"","background-image":"","background-repeat":"repeat","background-position":"center center","background-size":"auto","background-attachment":"scroll","background-type":"","background-media":"","overlay-type":"","overlay-color":"","overlay-opacity":"","overlay-gradient":""},"tablet":{"background-color":"","background-image":"","background-repeat":"repeat","background-position":"center center","background-size":"auto","background-attachment":"scroll","background-type":"","background-media":"","overlay-type":"","overlay-color":"","overlay-opacity":"","overlay-gradient":""},"mobile":{"background-color":"","background-image":"","background-repeat":"repeat","background-position":"center center","background-size":"auto","background-attachment":"scroll","background-type":"","background-media":"","overlay-type":"","overlay-color":"","overlay-opacity":"","overlay-gradient":""}},"ast-content-background-meta":{"desktop":{"background-color":"var(--ast-global-color-5)","background-image":"","background-repeat":"repeat","background-position":"center center","background-size":"auto","background-attachment":"scroll","background-type":"","background-media":"","overlay-type":"","overlay-color":"","overlay-opacity":"","overlay-gradient":""},"tablet":{"background-color":"var(--ast-global-color-5)","background-image":"","background-repeat":"repeat","background-position":"center center","background-size":"auto","background-attachment":"scroll","background-type":"","background-media":"","overlay-type":"","overlay-color":"","overlay-opacity":"","overlay-gradient":""},"mobile":{"background-color":"var(--ast-global-color-5)","background-image":"","background-repeat":"repeat","background-position":"center center","background-size":"auto","background-attachment":"scroll","background-type":"","background-media":"","overlay-type":"","overlay-color":"","overlay-opacity":"","overlay-gradient":""}},"footnotes":""},"class_list":["post-7702","page","type-page","status-publish","hentry"],"_links":{"self":[{"href":"https:\/\/colegiosadec.org\/site\/wp-json\/wp\/v2\/pages\/7702","targetHints":{"allow":["GET"]}}],"collection":[{"href":"https:\/\/colegiosadec.org\/site\/wp-json\/wp\/v2\/pages"}],"about":[{"href":"https:\/\/colegiosadec.org\/site\/wp-json\/wp\/v2\/types\/page"}],"author":[{"embeddable":true,"href":"https:\/\/colegiosadec.org\/site\/wp-json\/wp\/v2\/users\/1"}],"replies":[{"embeddable":true,"href":"https:\/\/colegiosadec.org\/site\/wp-json\/wp\/v2\/comments?post=7702"}],"version-history":[{"count":15,"href":"https:\/\/colegiosadec.org\/site\/wp-json\/wp\/v2\/pages\/7702\/revisions"}],"predecessor-version":[{"id":7722,"href":"https:\/\/colegiosadec.org\/site\/wp-json\/wp\/v2\/pages\/7702\/revisions\/7722"}],"wp:attachment":[{"href":"https:\/\/colegiosadec.org\/site\/wp-json\/wp\/v2\/media?parent=7702"}],"curies":[{"name":"wp","href":"https:\/\/api.w.org\/{rel}","templated":true}]}}