{"id":152,"date":"2025-03-26T19:57:20","date_gmt":"2025-03-26T19:57:20","guid":{"rendered":"https:\/\/colegiosadec.org\/new\/about\/"},"modified":"2025-05-30T14:47:04","modified_gmt":"2025-05-30T14:47:04","slug":"sobrenosotros","status":"publish","type":"page","link":"https:\/\/colegiosadec.org\/new\/sobrenosotros\/","title":{"rendered":"Qui\u00e9nes Somos"},"content":{"rendered":"\t\t<div data-elementor-type=\"wp-page\" data-elementor-id=\"152\" class=\"elementor elementor-152\">\n\t\t\t\t<div class=\"elementor-element elementor-element-72ac8116 e-flex e-con-boxed e-con e-parent\" data-id=\"72ac8116\" data-element_type=\"container\" data-e-type=\"container\" data-settings=\"{&quot;background_background&quot;:&quot;classic&quot;}\">\n\t\t\t\t\t<div class=\"e-con-inner\">\n\t\t\t\t<div class=\"elementor-element elementor-element-67912ce elementor-widget elementor-widget-heading\" data-id=\"67912ce\" data-element_type=\"widget\" data-e-type=\"widget\" data-widget_type=\"heading.default\">\n\t\t\t\t<div class=\"elementor-widget-container\">\n\t\t\t\t\t<h2 class=\"elementor-heading-title elementor-size-default\">\"Un proyecto educativo con base en la familia\"<\/h2>\t\t\t\t<\/div>\n\t\t\t\t<\/div>\n\t\t\t\t\t<\/div>\n\t\t\t\t<\/div>\n\t\t<div class=\"elementor-element elementor-element-f18de8d e-flex e-con-boxed e-con e-parent\" data-id=\"f18de8d\" data-element_type=\"container\" data-e-type=\"container\" data-settings=\"{&quot;background_background&quot;:&quot;classic&quot;}\">\n\t\t\t\t\t<div class=\"e-con-inner\">\n\t\t<div class=\"elementor-element elementor-element-c886c31 e-con-full e-flex e-con e-child\" data-id=\"c886c31\" data-element_type=\"container\" data-e-type=\"container\">\n\t\t\t\t<div class=\"elementor-element elementor-element-9304c4e elementor-widget elementor-widget-image\" data-id=\"9304c4e\" data-element_type=\"widget\" data-e-type=\"widget\" data-widget_type=\"image.default\">\n\t\t\t\t<div class=\"elementor-widget-container\">\n\t\t\t\t\t\t\t\t\t\t\t\t\t\t\t<img fetchpriority=\"high\" decoding=\"async\" width=\"928\" height=\"1024\" src=\"https:\/\/colegiosadec.org\/new\/wp-content\/uploads\/2025\/04\/Logo_Colegios-ADEC-Vertical-e1747078247445-928x1024.png\" class=\"attachment-large size-large wp-image-2908\" alt=\"\" srcset=\"https:\/\/colegiosadec.org\/new\/wp-content\/uploads\/2025\/04\/Logo_Colegios-ADEC-Vertical-e1747078247445-928x1024.png 928w, https:\/\/colegiosadec.org\/new\/wp-content\/uploads\/2025\/04\/Logo_Colegios-ADEC-Vertical-e1747078247445-272x300.png 272w, https:\/\/colegiosadec.org\/new\/wp-content\/uploads\/2025\/04\/Logo_Colegios-ADEC-Vertical-e1747078247445-768x847.png 768w, https:\/\/colegiosadec.org\/new\/wp-content\/uploads\/2025\/04\/Logo_Colegios-ADEC-Vertical-e1747078247445-1392x1536.png 1392w, https:\/\/colegiosadec.org\/new\/wp-content\/uploads\/2025\/04\/Logo_Colegios-ADEC-Vertical-e1747078247445-1856x2048.png 1856w\" sizes=\"(max-width: 928px) 100vw, 928px\" \/>\t\t\t\t\t\t\t\t\t\t\t\t\t\t\t<\/div>\n\t\t\t\t<\/div>\n\t\t\t\t<\/div>\n\t\t<div class=\"elementor-element elementor-element-f3d3cf6 e-con-full e-flex e-con e-child\" data-id=\"f3d3cf6\" data-element_type=\"container\" data-e-type=\"container\">\n\t\t\t\t<div class=\"elementor-element elementor-element-e201613 elementor-widget elementor-widget-text-editor\" data-id=\"e201613\" data-element_type=\"widget\" data-e-type=\"widget\" data-widget_type=\"text-editor.default\">\n\t\t\t\t<div class=\"elementor-widget-container\">\n\t\t\t\t\t\t\t\t\t<p>Es una asociaci\u00f3n privada sin fines de lucro, que promueve centros educativos con una pedagog\u00eda centrada en la persona y una visi\u00f3n cristiana de la vida.<\/p><p>Fue fundada en 1982 y actualmente contamos con <strong>6 instituciones educativas:<\/strong><\/p>\t\t\t\t\t\t\t\t<\/div>\n\t\t\t\t<\/div>\n\t\t\t\t<div class=\"elementor-element elementor-element-6d3696f elementor-widget elementor-widget-text-editor\" data-id=\"6d3696f\" data-element_type=\"widget\" data-e-type=\"widget\" data-widget_type=\"text-editor.default\">\n\t\t\t\t<div class=\"elementor-widget-container\">\n\t\t\t\t\t\t\t\t\t<p><strong>Olmos Preschool:<\/strong> 3 meses a 5 a\u00f1os &#8211; Cuatro sedes: Curridabat, Escalante, Uruca y Cartago.<\/p><p><strong>Irib\u00f3 School:<\/strong> para ni\u00f1as &#8211; Sede: Curridabat<\/p><p><strong>York\u00edn School:<\/strong> para ni\u00f1os &#8211; Sede: Curridabat<\/p>\t\t\t\t\t\t\t\t<\/div>\n\t\t\t\t<\/div>\n\t\t\t\t<div class=\"elementor-element elementor-element-0f1f15d elementor-widget elementor-widget-heading\" data-id=\"0f1f15d\" data-element_type=\"widget\" data-e-type=\"widget\" data-widget_type=\"heading.default\">\n\t\t\t\t<div class=\"elementor-widget-container\">\n\t\t\t\t\t<h2 class=\"elementor-heading-title elementor-size-default\">NUESTRA MISI\u00d3N<\/h2>\t\t\t\t<\/div>\n\t\t\t\t<\/div>\n\t\t\t\t<div class=\"elementor-element elementor-element-7a36684 elementor-widget elementor-widget-text-editor\" data-id=\"7a36684\" data-element_type=\"widget\" data-e-type=\"widget\" data-widget_type=\"text-editor.default\">\n\t\t\t\t<div class=\"elementor-widget-container\">\n\t\t\t\t\t\t\t\t\t<p>Colaborar con los padres de familia en la formaci\u00f3n integral de sus hijos a trav\u00e9s de una visi\u00f3n cristiana de la vida, para que sean verdaderamente felices y transformen positivamente la sociedad.<\/p>\t\t\t\t\t\t\t\t<\/div>\n\t\t\t\t<\/div>\n\t\t\t\t<\/div>\n\t\t\t\t\t<\/div>\n\t\t\t\t<\/div>\n\t\t<div class=\"elementor-element elementor-element-50becd7 e-flex e-con-boxed e-con e-parent\" data-id=\"50becd7\" data-element_type=\"container\" data-e-type=\"container\">\n\t\t\t\t\t<div class=\"e-con-inner\">\n\t\t\t\t<div class=\"elementor-element elementor-element-429d689 elementor-widget elementor-widget-heading\" data-id=\"429d689\" data-element_type=\"widget\" data-e-type=\"widget\" data-widget_type=\"heading.default\">\n\t\t\t\t<div class=\"elementor-widget-container\">\n\t\t\t\t\t<h2 class=\"elementor-heading-title elementor-size-default\">RASGOS ADEC<\/h2>\t\t\t\t<\/div>\n\t\t\t\t<\/div>\n\t\t\t\t\t<\/div>\n\t\t\t\t<\/div>\n\t\t<div class=\"elementor-element elementor-element-4814852 e-flex e-con-boxed e-con e-parent\" data-id=\"4814852\" data-element_type=\"container\" data-e-type=\"container\">\n\t\t\t\t\t<div class=\"e-con-inner\">\n\t\t\t\t<div class=\"elementor-element elementor-element-ebe6b42 elementor-widget elementor-widget-slides\" data-id=\"ebe6b42\" data-element_type=\"widget\" data-e-type=\"widget\" data-widget_type=\"slides.default\">\n\t\t\t\t<div class=\"elementor-widget-container\">\n\t\t\t\t\t \t\t\t\t<\/div>\n\t\t\t\t<\/div>\n\t\t\t\t\t<\/div>\n\t\t\t\t<\/div>\n\t\t\t\t<\/div>\n\t\t","protected":false},"excerpt":{"rendered":"<p>\u00abUn proyecto educativo con base en la familia\u00bb Es una asociaci\u00f3n privada sin fines de lucro, que promueve centros educativos con una pedagog\u00eda centrada en la persona y una visi\u00f3n cristiana de la vida. Fue fundada en 1982 y actualmente contamos con 6 instituciones educativas: Olmos Preschool: 3 meses a 5 a\u00f1os &#8211; Cuatro sedes: [&hellip;]<\/p>\n","protected":false},"author":2,"featured_media":0,"parent":0,"menu_order":0,"comment_status":"closed","ping_status":"closed","template":"","meta":{"site-sidebar-layout":"no-sidebar","site-content-layout":"page-builder","ast-site-content-layout":"full-width-container","site-content-style":"unboxed","site-sidebar-style":"unboxed","ast-global-header-display":"","ast-banner-title-visibility":"","ast-main-header-display":"","ast-hfb-above-header-display":"","ast-hfb-below-header-display":"","ast-hfb-mobile-header-display":"","site-post-title":"disabled","ast-breadcrumbs-content":"disabled","ast-featured-img":"disabled","footer-sml-layout":"","ast-disable-related-posts":"","theme-transparent-header-meta":"default","adv-header-id-meta":"","stick-header-meta":"","header-above-stick-meta":"","header-main-stick-meta":"","header-below-stick-meta":"","astra-migrate-meta-layouts":"set","ast-page-background-enabled":"default","ast-page-background-meta":{"desktop":{"background-color":"","background-image":"","background-repeat":"repeat","background-position":"center center","background-size":"auto","background-attachment":"scroll","background-type":"","background-media":"","overlay-type":"","overlay-color":"","overlay-opacity":"","overlay-gradient":""},"tablet":{"background-color":"","background-image":"","background-repeat":"repeat","background-position":"center center","background-size":"auto","background-attachment":"scroll","background-type":"","background-media":"","overlay-type":"","overlay-color":"","overlay-opacity":"","overlay-gradient":""},"mobile":{"background-color":"","background-image":"","background-repeat":"repeat","background-position":"center center","background-size":"auto","background-attachment":"scroll","background-type":"","background-media":"","overlay-type":"","overlay-color":"","overlay-opacity":"","overlay-gradient":""}},"ast-content-background-meta":{"desktop":{"background-color":"var(--ast-global-color-5)","background-image":"","background-repeat":"repeat","background-position":"center center","background-size":"auto","background-attachment":"scroll","background-type":"","background-media":"","overlay-type":"","overlay-color":"","overlay-opacity":"","overlay-gradient":""},"tablet":{"background-color":"var(--ast-global-color-5)","background-image":"","background-repeat":"repeat","background-position":"center center","background-size":"auto","background-attachment":"scroll","background-type":"","background-media":"","overlay-type":"","overlay-color":"","overlay-opacity":"","overlay-gradient":""},"mobile":{"background-color":"var(--ast-global-color-5)","background-image":"","background-repeat":"repeat","background-position":"center center","background-size":"auto","background-attachment":"scroll","background-type":"","background-media":"","overlay-type":"","overlay-color":"","overlay-opacity":"","overlay-gradient":""}},"footnotes":""},"class_list":["post-152","page","type-page","status-publish","hentry"],"_links":{"self":[{"href":"https:\/\/colegiosadec.org\/new\/wp-json\/wp\/v2\/pages\/152","targetHints":{"allow":["GET"]}}],"collection":[{"href":"https:\/\/colegiosadec.org\/new\/wp-json\/wp\/v2\/pages"}],"about":[{"href":"https:\/\/colegiosadec.org\/new\/wp-json\/wp\/v2\/types\/page"}],"author":[{"embeddable":true,"href":"https:\/\/colegiosadec.org\/new\/wp-json\/wp\/v2\/users\/2"}],"replies":[{"embeddable":true,"href":"https:\/\/colegiosadec.org\/new\/wp-json\/wp\/v2\/comments?post=152"}],"version-history":[{"count":342,"href":"https:\/\/colegiosadec.org\/new\/wp-json\/wp\/v2\/pages\/152\/revisions"}],"predecessor-version":[{"id":6458,"href":"https:\/\/colegiosadec.org\/new\/wp-json\/wp\/v2\/pages\/152\/revisions\/6458"}],"wp:attachment":[{"href":"https:\/\/colegiosadec.org\/new\/wp-json\/wp\/v2\/media?parent=152"}],"curies":[{"name":"wp","href":"https:\/\/api.w.org\/{rel}","templated":true}]}}